{"id":2,"date":"2012-08-19T13:19:43","date_gmt":"2012-08-19T13:19:43","guid":{"rendered":"http:\/\/przedmioty.com\/?page_id=2"},"modified":"2026-05-10T14:42:56","modified_gmt":"2026-05-10T14:42:56","slug":"sample-page","status":"publish","type":"page","link":"https:\/\/przedmioty.com\/?page_id=2","title":{"rendered":"R\u0119kawiczki"},"content":{"rendered":"\n<p>\u2026czekaj\u0105 na razie <a href=\"http:\/\/pracownia52.pl\/www\/?page_id=2424\"><strong>tam<\/strong><\/a>.<br \/>Ps.<br \/>Polecam <strong><a href=\"https:\/\/www.ariannavanini.it\/project\/gloves-map-en\/\" data-type=\"link\" data-id=\"https:\/\/www.ariannavanini.it\/project\/gloves-map-en\/\">t\u0119 stron\u0119<\/a><\/strong> gor\u0105co.<br \/>mr m<\/p>\n\n\n\n<figure class=\"wp-block-gallery alignleft has-nested-images columns-2 is-cropped wp-block-gallery-1 is-layout-flex wp-block-gallery-is-layout-flex\">\n<figure class=\"wp-block-image\"><a href=\"https:\/\/przedmioty.com\/wp-content\/uploads\/2019\/12\/glove-jedopalczasta-fot-mr-makowski-0820.jpg\"><img loading=\"lazy\" decoding=\"async\" width=\"1024\" height=\"768\" data-id=\"2553\" src=\"https:\/\/przedmioty.com\/wp-content\/uploads\/2019\/12\/glove-jedopalczasta-fot-mr-makowski-0820-1024x768.jpg\" alt=\"\" class=\"wp-image-2553\" srcset=\"https:\/\/przedmioty.com\/wp-content\/uploads\/2019\/12\/glove-jedopalczasta-fot-mr-makowski-0820-1024x768.jpg 1024w, https:\/\/przedmioty.com\/wp-content\/uploads\/2019\/12\/glove-jedopalczasta-fot-mr-makowski-0820-300x225.jpg 300w, https:\/\/przedmioty.com\/wp-content\/uploads\/2019\/12\/glove-jedopalczasta-fot-mr-makowski-0820-768x576.jpg 768w, https:\/\/przedmioty.com\/wp-content\/uploads\/2019\/12\/glove-jedopalczasta-fot-mr-makowski-0820.jpg 1200w\" sizes=\"auto, (max-width: 1024px) 100vw, 1024px\" \/><\/a><\/figure>\n\n\n\n<figure class=\"wp-block-image\"><a href=\"https:\/\/przedmioty.com\/wp-content\/uploads\/2019\/12\/glove-moniuszki-fot-mr-makowski-0736.jpg\"><img loading=\"lazy\" decoding=\"async\" width=\"1024\" height=\"768\" data-id=\"2554\" src=\"https:\/\/przedmioty.com\/wp-content\/uploads\/2019\/12\/glove-moniuszki-fot-mr-makowski-0736-1024x768.jpg\" alt=\"\" class=\"wp-image-2554\" srcset=\"https:\/\/przedmioty.com\/wp-content\/uploads\/2019\/12\/glove-moniuszki-fot-mr-makowski-0736-1024x768.jpg 1024w, https:\/\/przedmioty.com\/wp-content\/uploads\/2019\/12\/glove-moniuszki-fot-mr-makowski-0736-300x225.jpg 300w, https:\/\/przedmioty.com\/wp-content\/uploads\/2019\/12\/glove-moniuszki-fot-mr-makowski-0736-768x576.jpg 768w, https:\/\/przedmioty.com\/wp-content\/uploads\/2019\/12\/glove-moniuszki-fot-mr-makowski-0736.jpg 1200w\" sizes=\"auto, (max-width: 1024px) 100vw, 1024px\" \/><\/a><\/figure>\n\n\n\n<figure class=\"wp-block-image\"><a href=\"https:\/\/przedmioty.com\/wp-content\/uploads\/2019\/12\/gloves-warszawa-ul-lwowska-fot-mr-makowski-0761.jpg\"><img loading=\"lazy\" decoding=\"async\" width=\"1024\" height=\"768\" data-id=\"2555\" src=\"https:\/\/przedmioty.com\/wp-content\/uploads\/2019\/12\/gloves-warszawa-ul-lwowska-fot-mr-makowski-0761-1024x768.jpg\" alt=\"\" class=\"wp-image-2555\" srcset=\"https:\/\/przedmioty.com\/wp-content\/uploads\/2019\/12\/gloves-warszawa-ul-lwowska-fot-mr-makowski-0761-1024x768.jpg 1024w, https:\/\/przedmioty.com\/wp-content\/uploads\/2019\/12\/gloves-warszawa-ul-lwowska-fot-mr-makowski-0761-300x225.jpg 300w, https:\/\/przedmioty.com\/wp-content\/uploads\/2019\/12\/gloves-warszawa-ul-lwowska-fot-mr-makowski-0761-768x576.jpg 768w, https:\/\/przedmioty.com\/wp-content\/uploads\/2019\/12\/gloves-warszawa-ul-lwowska-fot-mr-makowski-0761.jpg 1200w\" sizes=\"auto, (max-width: 1024px) 100vw, 1024px\" \/><\/a><\/figure>\n\n\n\n<figure class=\"wp-block-image\"><a href=\"https:\/\/przedmioty.com\/wp-content\/uploads\/2012\/08\/anarchy-glove-IX-2016-low.jpg\"><img loading=\"lazy\" decoding=\"async\" width=\"1024\" height=\"768\" data-id=\"2090\" src=\"https:\/\/przedmioty.com\/wp-content\/uploads\/2012\/08\/anarchy-glove-IX-2016-low-1024x768.jpg\" alt=\"anarchy-glove-ix-2016-low\" class=\"wp-image-2090\" srcset=\"https:\/\/przedmioty.com\/wp-content\/uploads\/2012\/08\/anarchy-glove-IX-2016-low-1024x768.jpg 1024w, https:\/\/przedmioty.com\/wp-content\/uploads\/2012\/08\/anarchy-glove-IX-2016-low-300x225.jpg 300w, https:\/\/przedmioty.com\/wp-content\/uploads\/2012\/08\/anarchy-glove-IX-2016-low-768x576.jpg 768w, https:\/\/przedmioty.com\/wp-content\/uploads\/2012\/08\/anarchy-glove-IX-2016-low.jpg 1200w\" sizes=\"auto, (max-width: 1024px) 100vw, 1024px\" \/><\/a><\/figure>\n\n\n\n<figure class=\"wp-block-image\"><a href=\"https:\/\/przedmioty.com\/wp-content\/uploads\/2019\/12\/glove-from-warsaw-fot-mr-makowski-2019-0863.jpg\"><img loading=\"lazy\" decoding=\"async\" width=\"1024\" height=\"768\" data-id=\"2559\" src=\"https:\/\/przedmioty.com\/wp-content\/uploads\/2019\/12\/glove-from-warsaw-fot-mr-makowski-2019-0863-1024x768.jpg\" alt=\"\" class=\"wp-image-2559\" srcset=\"https:\/\/przedmioty.com\/wp-content\/uploads\/2019\/12\/glove-from-warsaw-fot-mr-makowski-2019-0863-1024x768.jpg 1024w, https:\/\/przedmioty.com\/wp-content\/uploads\/2019\/12\/glove-from-warsaw-fot-mr-makowski-2019-0863-300x225.jpg 300w, https:\/\/przedmioty.com\/wp-content\/uploads\/2019\/12\/glove-from-warsaw-fot-mr-makowski-2019-0863-768x576.jpg 768w, https:\/\/przedmioty.com\/wp-content\/uploads\/2019\/12\/glove-from-warsaw-fot-mr-makowski-2019-0863.jpg 1200w\" sizes=\"auto, (max-width: 1024px) 100vw, 1024px\" \/><\/a><\/figure>\n\n\n\n<figure class=\"wp-block-image\"><a href=\"https:\/\/przedmioty.com\/wp-content\/uploads\/2019\/12\/glove-warszawa-grudzien-2019-fot-mr-makowski-0860.jpg\"><img loading=\"lazy\" decoding=\"async\" width=\"1024\" height=\"768\" data-id=\"2560\" src=\"https:\/\/przedmioty.com\/wp-content\/uploads\/2019\/12\/glove-warszawa-grudzien-2019-fot-mr-makowski-0860-1024x768.jpg\" alt=\"\" class=\"wp-image-2560\" srcset=\"https:\/\/przedmioty.com\/wp-content\/uploads\/2019\/12\/glove-warszawa-grudzien-2019-fot-mr-makowski-0860-1024x768.jpg 1024w, https:\/\/przedmioty.com\/wp-content\/uploads\/2019\/12\/glove-warszawa-grudzien-2019-fot-mr-makowski-0860-300x225.jpg 300w, https:\/\/przedmioty.com\/wp-content\/uploads\/2019\/12\/glove-warszawa-grudzien-2019-fot-mr-makowski-0860-768x576.jpg 768w, https:\/\/przedmioty.com\/wp-content\/uploads\/2019\/12\/glove-warszawa-grudzien-2019-fot-mr-makowski-0860.jpg 1200w\" sizes=\"auto, (max-width: 1024px) 100vw, 1024px\" \/><\/a><\/figure>\n<\/figure>\n\n\n","protected":false},"excerpt":{"rendered":"<p>\u2026czekaj\u0105 na razie tam.Ps.Polecam t\u0119 stron\u0119 gor\u0105co.mr m<\/p>\n","protected":false},"author":1,"featured_media":2090,"parent":0,"menu_order":0,"comment_status":"open","ping_status":"open","template":"","meta":{"footnotes":""},"class_list":["post-2","page","type-page","status-publish","has-post-thumbnail","hentry"],"_links":{"self":[{"href":"https:\/\/przedmioty.com\/index.php?rest_route=\/wp\/v2\/pages\/2","targetHints":{"allow":["GET"]}}],"collection":[{"href":"https:\/\/przedmioty.com\/index.php?rest_route=\/wp\/v2\/pages"}],"about":[{"href":"https:\/\/przedmioty.com\/index.php?rest_route=\/wp\/v2\/types\/page"}],"author":[{"embeddable":true,"href":"https:\/\/przedmioty.com\/index.php?rest_route=\/wp\/v2\/users\/1"}],"replies":[{"embeddable":true,"href":"https:\/\/przedmioty.com\/index.php?rest_route=%2Fwp%2Fv2%2Fcomments&post=2"}],"version-history":[{"count":9,"href":"https:\/\/przedmioty.com\/index.php?rest_route=\/wp\/v2\/pages\/2\/revisions"}],"predecessor-version":[{"id":2719,"href":"https:\/\/przedmioty.com\/index.php?rest_route=\/wp\/v2\/pages\/2\/revisions\/2719"}],"wp:featuredmedia":[{"embeddable":true,"href":"https:\/\/przedmioty.com\/index.php?rest_route=\/wp\/v2\/media\/2090"}],"wp:attachment":[{"href":"https:\/\/przedmioty.com\/index.php?rest_route=%2Fwp%2Fv2%2Fmedia&parent=2"}],"curies":[{"name":"wp","href":"https:\/\/api.w.org\/{rel}","templated":true}]}}